{"id":58,"date":"2024-11-28T09:54:14","date_gmt":"2024-11-28T08:54:14","guid":{"rendered":"https:\/\/divorcios48horas.com\/?page_id=58"},"modified":"2025-01-21T09:17:39","modified_gmt":"2025-01-21T08:17:39","slug":"inicio","status":"publish","type":"page","link":"https:\/\/divorcios48horas.com\/","title":{"rendered":"Inicio"},"content":{"rendered":"\n<div class=\"wp-block-cover alignfull\" style=\"min-height:520px;aspect-ratio:unset;\"><span aria-hidden=\"true\" class=\"wp-block-cover__background has-background-dim\" style=\"background-color:#7c7971\"><\/span><img loading=\"lazy\" decoding=\"async\" width=\"768\" height=\"432\" class=\"wp-block-cover__image-background wp-image-120\" alt=\"\" src=\"https:\/\/divorcios48horas-com.preview-domain.com\/wp-content\/uploads\/2024\/12\/gettyimages-1442892199-640x640-1.jpg\" data-object-fit=\"cover\" srcset=\"https:\/\/divorcios48horas.com\/wp-content\/uploads\/2024\/12\/gettyimages-1442892199-640x640-1.jpg 768w, https:\/\/divorcios48horas.com\/wp-content\/uploads\/2024\/12\/gettyimages-1442892199-640x640-1-300x169.jpg 300w\" sizes=\"auto, (max-width: 768px) 100vw, 768px\" \/><div class=\"wp-block-cover__inner-container has-global-padding is-layout-constrained wp-block-cover-is-layout-constrained\">\n<p class=\"has-text-align-center has-large-font-size\">DIVORCIOS 48 HORAS<\/p>\n\n\n\n<p class=\"has-text-align-center has-xx-large-font-size\">F\u00c1CIL Y R\u00c1PIDO<\/p>\n\n\n\n<p class=\"has-text-align-center\">En divorcios 48 horas t\u00fa eliges c\u00f3mo y cu\u00e1ndo<\/p>\n\n\n\n<div style=\"height:22px\" aria-hidden=\"true\" class=\"wp-block-spacer\"><\/div>\n\n\n\n<div class=\"wp-block-buttons is-content-justification-center is-layout-flex wp-container-core-buttons-is-layout-1 wp-block-buttons-is-layout-flex\">\n<div class=\"wp-block-button has-custom-font-size is-style-fill\" style=\"font-size:0.8rem\"><a class=\"wp-block-button__link has-background has-text-align-center wp-element-button\" href=\"https:\/\/divorcios48horas-com.preview-domain.com\/index.php\/454-2\/\" style=\"background-color:#f54437\">\u00bfLO TIENES CLARO?<\/a><\/div>\n<\/div>\n<\/div><\/div>\n\n\n\n<div class=\"wp-block-group alignfull has-background has-global-padding is-layout-constrained wp-container-core-group-is-layout-1 wp-block-group-is-layout-constrained\" style=\"background-color:#f74e3e;margin-top:0;margin-bottom:0;padding-top:var(--wp--preset--spacing--30);padding-right:0;padding-bottom:var(--wp--preset--spacing--30);padding-left:0\">\n<div class=\"wp-block-columns is-layout-flex wp-container-core-columns-is-layout-1 wp-block-columns-is-layout-flex\">\n<div class=\"wp-block-column is-layout-flow wp-block-column-is-layout-flow\">\n<p class=\"has-text-align-center has-base-2-color has-text-color has-link-color has-large-font-size wp-elements-49ac28a98b77bf580c37d9fc3fc508cb\"><strong>\u00bfPOR QU\u00c9 ELEGIR divorcios48horas.com?<\/strong><\/p>\n<\/div>\n<\/div>\n<\/div>\n\n\n\n<div class=\"wp-block-group alignfull has-background has-global-padding is-layout-constrained wp-container-core-group-is-layout-2 wp-block-group-is-layout-constrained\" style=\"background-color:#f5f5f5;margin-top:0;margin-bottom:0;padding-top:var(--wp--preset--spacing--50);padding-right:var(--wp--preset--spacing--50);padding-bottom:var(--wp--preset--spacing--50);padding-left:var(--wp--preset--spacing--50)\">\n<div class=\"wp-block-columns alignwide is-layout-flex wp-container-core-columns-is-layout-4 wp-block-columns-is-layout-flex\">\n<div class=\"wp-block-column is-layout-flow wp-container-core-column-is-layout-4 wp-block-column-is-layout-flow\">\n<div class=\"wp-block-columns alignwide is-layout-flex wp-container-core-columns-is-layout-2 wp-block-columns-is-layout-flex\">\n<div class=\"wp-block-column is-layout-flow wp-container-core-column-is-layout-2 wp-block-column-is-layout-flow\" style=\"flex-basis:100px\">\n<figure class=\"wp-block-image aligncenter size-full is-resized\"><img loading=\"lazy\" decoding=\"async\" width=\"512\" height=\"512\" src=\"https:\/\/divorcios48horas-com.preview-domain.com\/wp-content\/uploads\/2024\/12\/cap.png\" alt=\"\" class=\"wp-image-112\" style=\"width:96px;height:auto\" srcset=\"https:\/\/divorcios48horas.com\/wp-content\/uploads\/2024\/12\/cap.png 512w, https:\/\/divorcios48horas.com\/wp-content\/uploads\/2024\/12\/cap-300x300.png 300w, https:\/\/divorcios48horas.com\/wp-content\/uploads\/2024\/12\/cap-150x150.png 150w\" sizes=\"auto, (max-width: 512px) 100vw, 512px\" \/><\/figure>\n<\/div>\n\n\n\n<div class=\"wp-block-column is-layout-flow wp-container-core-column-is-layout-3 wp-block-column-is-layout-flow\">\n<p><strong>PRESTIGIO<\/strong><\/p>\n\n\n\n<p class=\"has-text-align-left\">Porque es el esfuerzo del prestigioso grupo internacional de abogados y mediadores FILEX, para agilizar, abaratar y ayudarte a superar un proceso tan traum\u00e1tico mediante el uso de la tecnolog\u00eda digital.<\/p>\n<\/div>\n<\/div>\n<\/div>\n\n\n\n<div class=\"wp-block-column is-layout-flow wp-container-core-column-is-layout-7 wp-block-column-is-layout-flow\">\n<div class=\"wp-block-columns alignwide is-layout-flex wp-container-core-columns-is-layout-3 wp-block-columns-is-layout-flex\">\n<div class=\"wp-block-column is-layout-flow wp-container-core-column-is-layout-5 wp-block-column-is-layout-flow\" style=\"flex-basis:100px\">\n<figure class=\"wp-block-image aligncenter size-full\"><img loading=\"lazy\" decoding=\"async\" width=\"74\" height=\"101\" src=\"https:\/\/divorcios48horas-com.preview-domain.com\/wp-content\/uploads\/2024\/12\/question2-1.png\" alt=\"\" class=\"wp-image-334\"\/><\/figure>\n<\/div>\n\n\n\n<div class=\"wp-block-column is-layout-flow wp-container-core-column-is-layout-6 wp-block-column-is-layout-flow\">\n<p><strong>RESOLVEMOS TUS DUDAS<\/strong><\/p>\n\n\n\n<p class=\"has-text-align-left\">Porque si tienes dudas de lo que te espera despu\u00e9s, te las aclaramos todas antes.<\/p>\n<\/div>\n<\/div>\n<\/div>\n<\/div>\n\n\n\n<div style=\"height:var(--wp--preset--spacing--20)\" aria-hidden=\"true\" class=\"wp-block-spacer\"><\/div>\n\n\n\n<div style=\"height:var(--wp--preset--spacing--20)\" aria-hidden=\"true\" class=\"wp-block-spacer\"><\/div>\n\n\n\n<div class=\"wp-block-columns alignwide is-layout-flex wp-container-core-columns-is-layout-7 wp-block-columns-is-layout-flex\">\n<div class=\"wp-block-column is-layout-flow wp-container-core-column-is-layout-10 wp-block-column-is-layout-flow\">\n<div class=\"wp-block-columns alignwide is-layout-flex wp-container-core-columns-is-layout-5 wp-block-columns-is-layout-flex\">\n<div class=\"wp-block-column is-vertically-aligned-top is-layout-flow wp-container-core-column-is-layout-8 wp-block-column-is-layout-flow\" style=\"flex-basis:100px\">\n<figure class=\"wp-block-image aligncenter size-full is-resized\"><img loading=\"lazy\" decoding=\"async\" width=\"512\" height=\"512\" src=\"https:\/\/divorcios48horas-com.preview-domain.com\/wp-content\/uploads\/2024\/12\/latido-del-corazon.png\" alt=\"\" class=\"wp-image-108\" style=\"width:99px;height:auto\" srcset=\"https:\/\/divorcios48horas.com\/wp-content\/uploads\/2024\/12\/latido-del-corazon.png 512w, https:\/\/divorcios48horas.com\/wp-content\/uploads\/2024\/12\/latido-del-corazon-300x300.png 300w, https:\/\/divorcios48horas.com\/wp-content\/uploads\/2024\/12\/latido-del-corazon-150x150.png 150w\" sizes=\"auto, (max-width: 512px) 100vw, 512px\" \/><\/figure>\n<\/div>\n\n\n\n<div class=\"wp-block-column is-layout-flow wp-container-core-column-is-layout-9 wp-block-column-is-layout-flow\">\n<p><strong>HUMANIDAD<\/strong><\/p>\n\n\n\n<p class=\"has-text-align-left\">Una de las mayores diferencias con otras webs, es que tratamos el problema con HUMANIDAD. Sabemos por lo que est\u00e1s pasando, y, si adem\u00e1s del precio, tienes otras preocupaciones como solventar esta situaci\u00f3n de la forma m\u00e1s amistosa posible, tenemos personal y medios para ayudarte.<\/p>\n<\/div>\n<\/div>\n<\/div>\n\n\n\n<div class=\"wp-block-column is-vertically-aligned-top is-layout-flow wp-container-core-column-is-layout-13 wp-block-column-is-layout-flow\">\n<div class=\"wp-block-columns alignwide is-layout-flex wp-container-core-columns-is-layout-6 wp-block-columns-is-layout-flex\">\n<div class=\"wp-block-column is-vertically-aligned-top is-layout-flow wp-container-core-column-is-layout-11 wp-block-column-is-layout-flow\" style=\"flex-basis:100px\">\n<figure class=\"wp-block-image aligncenter size-full is-resized\"><img loading=\"lazy\" decoding=\"async\" width=\"512\" height=\"512\" src=\"https:\/\/divorcios48horas-com.preview-domain.com\/wp-content\/uploads\/2024\/12\/apreton-de-manos.png\" alt=\"\" class=\"wp-image-109\" style=\"width:95px;height:auto\" srcset=\"https:\/\/divorcios48horas.com\/wp-content\/uploads\/2024\/12\/apreton-de-manos.png 512w, https:\/\/divorcios48horas.com\/wp-content\/uploads\/2024\/12\/apreton-de-manos-300x300.png 300w, https:\/\/divorcios48horas.com\/wp-content\/uploads\/2024\/12\/apreton-de-manos-150x150.png 150w\" sizes=\"auto, (max-width: 512px) 100vw, 512px\" \/><\/figure>\n<\/div>\n\n\n\n<div class=\"wp-block-column is-layout-flow wp-container-core-column-is-layout-12 wp-block-column-is-layout-flow\">\n<p><strong>\u00a1NO PODEMOS PON\u00c9RTELO M\u00c1S F\u00c1CIL!<\/strong><\/p>\n\n\n\n<p class=\"has-text-align-left\">Porque hacemos nuestro trabajo en s\u00f3lo 48 horas. Se acab\u00f3 la letra peque\u00f1a y los tr\u00e1mites interminables que s\u00f3lo alargan el proceso.<\/p>\n<\/div>\n<\/div>\n<\/div>\n<\/div>\n<\/div>\n\n\n\n<div class=\"wp-block-group alignfull has-background has-global-padding is-layout-constrained wp-container-core-group-is-layout-15 wp-block-group-is-layout-constrained\" style=\"background-color:#f74e3e;margin-top:0;margin-bottom:0;padding-top:var(--wp--preset--spacing--40);padding-right:var(--wp--preset--spacing--50);padding-bottom:var(--wp--preset--spacing--40);padding-left:var(--wp--preset--spacing--50)\">\n<div class=\"wp-block-columns alignwide is-layout-flex wp-container-core-columns-is-layout-12 wp-block-columns-is-layout-flex\">\n<div class=\"wp-block-column is-layout-flow wp-container-core-column-is-layout-15 wp-block-column-is-layout-flow\">\n<div class=\"wp-block-group has-background is-content-justification-center is-nowrap is-layout-flex wp-container-core-group-is-layout-3 wp-block-group-is-layout-flex\" style=\"background-color:#f74e3e;margin-top:0;margin-bottom:0;padding-top:0;padding-right:0;padding-bottom:0;padding-left:0\">\n<figure class=\"wp-block-image size-full is-resized\"><img loading=\"lazy\" decoding=\"async\" width=\"512\" height=\"512\" src=\"https:\/\/divorcios48horas-com.preview-domain.com\/wp-content\/uploads\/2024\/12\/latido-del-corazon-1.png\" alt=\"\" class=\"wp-image-150\" style=\"object-fit:cover;width:53px;height:auto\" srcset=\"https:\/\/divorcios48horas.com\/wp-content\/uploads\/2024\/12\/latido-del-corazon-1.png 512w, https:\/\/divorcios48horas.com\/wp-content\/uploads\/2024\/12\/latido-del-corazon-1-300x300.png 300w, https:\/\/divorcios48horas.com\/wp-content\/uploads\/2024\/12\/latido-del-corazon-1-150x150.png 150w\" sizes=\"auto, (max-width: 512px) 100vw, 512px\" \/><\/figure>\n<\/div>\n\n\n\n<div class=\"wp-block-columns is-layout-flex wp-container-core-columns-is-layout-8 wp-block-columns-is-layout-flex\">\n<div class=\"wp-block-column is-layout-flow wp-block-column-is-layout-flow\">\n<div class=\"wp-block-group has-background is-content-justification-center is-nowrap is-layout-flex wp-container-core-group-is-layout-4 wp-block-group-is-layout-flex\" style=\"background-color:#f74e3e;padding-top:0;padding-bottom:0\">\n<p class=\"has-base-color has-text-color has-link-color wp-elements-b532942d83ed30a74c1862cfade6b531\" style=\"font-size:0.8rem\"><strong>LO PRIMERO ERES T\u00da<\/strong><\/p>\n<\/div>\n\n\n\n<div class=\"wp-block-group has-base-color has-text-color has-background has-link-color wp-elements-675a750282addc0b6d4c791dc490365d is-content-justification-center is-nowrap is-layout-flex wp-container-core-group-is-layout-5 wp-block-group-is-layout-flex\" style=\"background-color:#f74e3e\">\n<p class=\"has-text-align-center\" style=\"font-size:0.8rem\">Tratamos el tema con HUMANIDAD.<br>Si lo deseas, mediamos con tu pareja por ti.<br>Con unos datos sencillos, nos encargamos de todo el proceso.<\/p>\n<\/div>\n<\/div>\n<\/div>\n<\/div>\n\n\n\n<div class=\"wp-block-column is-layout-flow wp-container-core-column-is-layout-17 wp-block-column-is-layout-flow\">\n<div class=\"wp-block-group has-background is-content-justification-center is-nowrap is-layout-flex wp-container-core-group-is-layout-6 wp-block-group-is-layout-flex\" style=\"background-color:#f74e3e;margin-top:0;margin-bottom:0;padding-top:0;padding-right:0;padding-bottom:0;padding-left:0\">\n<figure class=\"wp-block-image size-full is-resized\"><img loading=\"lazy\" decoding=\"async\" width=\"512\" height=\"512\" src=\"https:\/\/divorcios48horas-com.preview-domain.com\/wp-content\/uploads\/2024\/12\/646410.png\" alt=\"\" class=\"wp-image-157\" style=\"object-fit:cover;width:53px;height:auto\" srcset=\"https:\/\/divorcios48horas.com\/wp-content\/uploads\/2024\/12\/646410.png 512w, https:\/\/divorcios48horas.com\/wp-content\/uploads\/2024\/12\/646410-300x300.png 300w, https:\/\/divorcios48horas.com\/wp-content\/uploads\/2024\/12\/646410-150x150.png 150w\" sizes=\"auto, (max-width: 512px) 100vw, 512px\" \/><\/figure>\n<\/div>\n\n\n\n<div class=\"wp-block-columns is-layout-flex wp-container-core-columns-is-layout-9 wp-block-columns-is-layout-flex\">\n<div class=\"wp-block-column is-layout-flow wp-block-column-is-layout-flow\">\n<div class=\"wp-block-group has-background is-content-justification-center is-nowrap is-layout-flex wp-container-core-group-is-layout-7 wp-block-group-is-layout-flex\" style=\"background-color:#f74e3e;padding-top:0;padding-bottom:0\">\n<p class=\"has-text-align-center has-base-color has-text-color has-link-color wp-elements-67a28fec416d424d5fcc46dcc80e7c90\" style=\"font-size:0.8rem\"><strong>PRECIO \u00daNICO POR SERVICIO<\/strong><\/p>\n<\/div>\n\n\n\n<div class=\"wp-block-group has-base-color has-text-color has-background has-link-color wp-elements-69a298de1223d092d487cec6345a5134 is-content-justification-center is-nowrap is-layout-flex wp-container-core-group-is-layout-8 wp-block-group-is-layout-flex\" style=\"background-color:#f74e3e\">\n<p class=\"has-text-align-center\" style=\"font-size:0.8rem\">Nos encargamos de todo por ti para que te resulte lo menos traum\u00e1tico posible.<br>Somos r\u00e1pidos, somo eficaces.<\/p>\n<\/div>\n<\/div>\n<\/div>\n<\/div>\n\n\n\n<div class=\"wp-block-column is-layout-flow wp-container-core-column-is-layout-19 wp-block-column-is-layout-flow\">\n<div class=\"wp-block-group has-background is-content-justification-center is-nowrap is-layout-flex wp-container-core-group-is-layout-9 wp-block-group-is-layout-flex\" style=\"background-color:#f74e3e;margin-top:0;margin-bottom:0;padding-top:0;padding-right:0;padding-bottom:0;padding-left:0\">\n<figure class=\"wp-block-image size-full is-resized\"><img loading=\"lazy\" decoding=\"async\" width=\"512\" height=\"512\" src=\"https:\/\/divorcios48horas-com.preview-domain.com\/wp-content\/uploads\/2024\/12\/sitio-web.png\" alt=\"\" class=\"wp-image-152\" style=\"object-fit:cover;width:53px;height:auto\" srcset=\"https:\/\/divorcios48horas.com\/wp-content\/uploads\/2024\/12\/sitio-web.png 512w, https:\/\/divorcios48horas.com\/wp-content\/uploads\/2024\/12\/sitio-web-300x300.png 300w, https:\/\/divorcios48horas.com\/wp-content\/uploads\/2024\/12\/sitio-web-150x150.png 150w\" sizes=\"auto, (max-width: 512px) 100vw, 512px\" \/><\/figure>\n<\/div>\n\n\n\n<div class=\"wp-block-columns is-layout-flex wp-container-core-columns-is-layout-10 wp-block-columns-is-layout-flex\">\n<div class=\"wp-block-column is-layout-flow wp-block-column-is-layout-flow\">\n<div class=\"wp-block-group has-background is-content-justification-center is-nowrap is-layout-flex wp-container-core-group-is-layout-10 wp-block-group-is-layout-flex\" style=\"background-color:#f74e3e;padding-top:0;padding-bottom:0\">\n<p class=\"has-base-color has-text-color has-link-color wp-elements-5df5454c09d3b7d2ef8f55ca07084c7f\" style=\"font-size:0.8rem\"><strong>COBERTURA<\/strong><\/p>\n<\/div>\n\n\n\n<div class=\"wp-block-group has-base-color has-text-color has-background has-link-color wp-elements-094e436c4251e963abe655616ed98b5b is-content-justification-center is-nowrap is-layout-flex wp-container-core-group-is-layout-11 wp-block-group-is-layout-flex\" style=\"background-color:#f74e3e\">\n<p class=\"has-text-align-center\" style=\"font-size:0.8rem\">Atenderemos tu petici\u00f3n desde cualquier punto de Espa\u00f1a, incluso si el proceso se diera en el extranjero.<\/p>\n<\/div>\n<\/div>\n<\/div>\n<\/div>\n\n\n\n<div class=\"wp-block-column is-layout-flow wp-container-core-column-is-layout-21 wp-block-column-is-layout-flow\">\n<div class=\"wp-block-group has-background is-content-justification-center is-nowrap is-layout-flex wp-container-core-group-is-layout-12 wp-block-group-is-layout-flex\" style=\"background-color:#f74e3e;margin-top:0;margin-bottom:0;padding-top:0;padding-right:0;padding-bottom:0;padding-left:0\">\n<figure class=\"wp-block-image size-full is-resized\"><img loading=\"lazy\" decoding=\"async\" width=\"512\" height=\"512\" src=\"https:\/\/divorcios48horas-com.preview-domain.com\/wp-content\/uploads\/2024\/12\/candado.png\" alt=\"\" class=\"wp-image-154\" style=\"object-fit:cover;width:53px;height:auto\" srcset=\"https:\/\/divorcios48horas.com\/wp-content\/uploads\/2024\/12\/candado.png 512w, https:\/\/divorcios48horas.com\/wp-content\/uploads\/2024\/12\/candado-300x300.png 300w, https:\/\/divorcios48horas.com\/wp-content\/uploads\/2024\/12\/candado-150x150.png 150w\" sizes=\"auto, (max-width: 512px) 100vw, 512px\" \/><\/figure>\n<\/div>\n\n\n\n<div class=\"wp-block-columns is-layout-flex wp-container-core-columns-is-layout-11 wp-block-columns-is-layout-flex\">\n<div class=\"wp-block-column is-layout-flow wp-block-column-is-layout-flow\">\n<div class=\"wp-block-group has-background is-content-justification-center is-nowrap is-layout-flex wp-container-core-group-is-layout-13 wp-block-group-is-layout-flex\" style=\"background-color:#f74e3e;padding-top:0;padding-bottom:0\">\n<p class=\"has-base-color has-text-color has-link-color wp-elements-cda6b73716df8b549bcd34740c890aeb\" style=\"font-size:0.8rem\"><strong>PRIVACIDAD DE DATOS<\/strong><\/p>\n<\/div>\n\n\n\n<div class=\"wp-block-group has-base-color has-text-color has-background has-link-color wp-elements-5d6f181c0272ec0bcb4596403468a158 is-content-justification-center is-nowrap is-layout-flex wp-container-core-group-is-layout-14 wp-block-group-is-layout-flex\" style=\"background-color:#f74e3e\">\n<p class=\"has-text-align-center\" style=\"font-size:0.8rem\">Tus datos personales ser\u00e1n tratados con total confidencialidad y no ser\u00e1n cedidos a terceros con fines comerciales o publicitarios.<\/p>\n<\/div>\n<\/div>\n<\/div>\n<\/div>\n<\/div>\n<\/div>\n","protected":false},"excerpt":{"rendered":"<p>\u00bfPOR QU\u00c9 ELEGIR divorcios48horas.com? PRESTIGIO Porque es el esfuerzo del prestigioso grupo internacional de abogados y mediadores FILEX, para agilizar, abaratar y ayudarte a superar un proceso tan traum\u00e1tico mediante el uso de la tecnolog\u00eda digital. RESOLVEMOS TUS DUDAS Porque si tienes dudas de lo que te espera despu\u00e9s, te las aclaramos todas antes. HUMANIDAD [&hellip;]<\/p>\n","protected":false},"author":1,"featured_media":0,"parent":0,"menu_order":0,"comment_status":"closed","ping_status":"closed","template":"","meta":{"footnotes":""},"class_list":["post-58","page","type-page","status-publish","hentry"],"_links":{"self":[{"href":"https:\/\/divorcios48horas.com\/index.php\/wp-json\/wp\/v2\/pages\/58","targetHints":{"allow":["GET"]}}],"collection":[{"href":"https:\/\/divorcios48horas.com\/index.php\/wp-json\/wp\/v2\/pages"}],"about":[{"href":"https:\/\/divorcios48horas.com\/index.php\/wp-json\/wp\/v2\/types\/page"}],"author":[{"embeddable":true,"href":"https:\/\/divorcios48horas.com\/index.php\/wp-json\/wp\/v2\/users\/1"}],"replies":[{"embeddable":true,"href":"https:\/\/divorcios48horas.com\/index.php\/wp-json\/wp\/v2\/comments?post=58"}],"version-history":[{"count":35,"href":"https:\/\/divorcios48horas.com\/index.php\/wp-json\/wp\/v2\/pages\/58\/revisions"}],"predecessor-version":[{"id":467,"href":"https:\/\/divorcios48horas.com\/index.php\/wp-json\/wp\/v2\/pages\/58\/revisions\/467"}],"wp:attachment":[{"href":"https:\/\/divorcios48horas.com\/index.php\/wp-json\/wp\/v2\/media?parent=58"}],"curies":[{"name":"wp","href":"https:\/\/api.w.org\/{rel}","templated":true}]}}