{"id":52,"date":"2024-11-28T09:52:05","date_gmt":"2024-11-28T08:52:05","guid":{"rendered":"https:\/\/divorcios48horas.com\/?page_id=52"},"modified":"2024-12-12T21:50:01","modified_gmt":"2024-12-12T20:50:01","slug":"dudas","status":"publish","type":"page","link":"https:\/\/divorcios48horas.com\/index.php\/dudas\/","title":{"rendered":"Dudas"},"content":{"rendered":"\n<div class=\"wp-block-group alignfull has-base-2-color has-text-color has-background has-link-color wp-elements-e7269e049d60bd1119a11614221ea8b4 has-global-padding is-layout-constrained wp-block-group-is-layout-constrained\" style=\"background-color:#f74e3e;padding-top:1.2rem;padding-bottom:1.2rem\">\n<div class=\"wp-block-columns is-layout-flex wp-container-core-columns-is-layout-1 wp-block-columns-is-layout-flex\">\n<div class=\"wp-block-column is-layout-flow wp-block-column-is-layout-flow\">\n<p class=\"has-text-align-center\" style=\"font-size:clamp(0.875rem, 0.875rem + ((1vw - 0.2rem) * 0.542), 1.2rem);\"><strong>DUDAS<\/strong><\/p>\n<\/div>\n<\/div>\n<\/div>\n\n\n\n<div class=\"wp-block-group alignfull has-background has-global-padding is-layout-constrained wp-container-core-group-is-layout-5 wp-block-group-is-layout-constrained\" style=\"background-color:#f5f5f5;padding-left:0\">\n<div class=\"wp-block-group alignwide has-background has-global-padding is-layout-constrained wp-block-group-is-layout-constrained\" style=\"background-color:#f5f5f5\">\n<div class=\"wp-block-columns alignwide are-vertically-aligned-center is-layout-flex wp-container-core-columns-is-layout-6 wp-block-columns-is-layout-flex\" style=\"margin-top:0;margin-bottom:0;padding-right:0;padding-left:0\">\n<div class=\"wp-block-column is-vertically-aligned-center is-layout-flow wp-block-column-is-layout-flow\">\n<figure class=\"wp-block-image aligncenter size-full is-resized has-custom-border\" style=\"margin-top:0;margin-right:0;margin-bottom:0;margin-left:0\"><img loading=\"lazy\" decoding=\"async\" width=\"540\" height=\"360\" src=\"https:\/\/divorcios48horas.com\/wp-content\/uploads\/2024\/12\/judicial_1x_1x.jpg\" alt=\"\" class=\"wp-image-264\" style=\"border-radius:8px;width:506px;height:auto\" srcset=\"https:\/\/divorcios48horas.com\/wp-content\/uploads\/2024\/12\/judicial_1x_1x.jpg 540w, https:\/\/divorcios48horas.com\/wp-content\/uploads\/2024\/12\/judicial_1x_1x-300x200.jpg 300w\" sizes=\"auto, (max-width: 540px) 100vw, 540px\" \/><\/figure>\n\n\n\n<div class=\"wp-block-columns are-vertically-aligned-center is-layout-flex wp-container-core-columns-is-layout-3 wp-block-columns-is-layout-flex\" style=\"padding-top:var(--wp--preset--spacing--10);padding-right:var(--wp--preset--spacing--10);padding-bottom:var(--wp--preset--spacing--10);padding-left:var(--wp--preset--spacing--10)\">\n<div class=\"wp-block-column is-vertically-aligned-center is-layout-flow wp-block-column-is-layout-flow\">\n<p class=\"has-text-align-center\" style=\"font-size:clamp(0.875rem, 0.875rem + ((1vw - 0.2rem) * 0.375), 1.1rem);\"><strong>Divorcio mutuo acuerdo judicial<\/strong><\/p>\n\n\n\n<div class=\"wp-block-columns are-vertically-aligned-center is-layout-flex wp-container-core-columns-is-layout-2 wp-block-columns-is-layout-flex\" style=\"padding-top:0rem;padding-bottom:0rem\">\n<div class=\"wp-block-column is-vertically-aligned-center is-layout-flow wp-block-column-is-layout-flow\" style=\"flex-basis:100%\">\n<p class=\"has-text-align-center\"><a href=\"https:\/\/divorcios48horas.com\/index.php\/dudas\/divorcio-de-mutuo-acuerdo-judicial\/\" data-type=\"page\" data-id=\"362\">Leer m\u00e1s<\/a><\/p>\n<\/div>\n<\/div>\n<\/div>\n<\/div>\n<\/div>\n\n\n\n<div class=\"wp-block-column is-vertically-aligned-center is-layout-flow wp-block-column-is-layout-flow\">\n<figure class=\"wp-block-image aligncenter size-full is-resized has-custom-border\" style=\"margin-right:0;margin-left:0\"><img loading=\"lazy\" decoding=\"async\" width=\"540\" height=\"435\" src=\"https:\/\/divorcios48horas.com\/wp-content\/uploads\/2024\/12\/a-hrefhttpswww.freepik.esfoto-gratisfamilia-de-cuatro-despues-de-pelea-en-casa_1469418.htmPhoto-de-Personas-creado-por-bearfotosa-1024x825_1x.jpg\" alt=\"\" class=\"wp-image-269\" style=\"border-radius:8px;width:428px;height:auto\" srcset=\"https:\/\/divorcios48horas.com\/wp-content\/uploads\/2024\/12\/a-hrefhttpswww.freepik.esfoto-gratisfamilia-de-cuatro-despues-de-pelea-en-casa_1469418.htmPhoto-de-Personas-creado-por-bearfotosa-1024x825_1x.jpg 540w, https:\/\/divorcios48horas.com\/wp-content\/uploads\/2024\/12\/a-hrefhttpswww.freepik.esfoto-gratisfamilia-de-cuatro-despues-de-pelea-en-casa_1469418.htmPhoto-de-Personas-creado-por-bearfotosa-1024x825_1x-300x242.jpg 300w\" sizes=\"auto, (max-width: 540px) 100vw, 540px\" \/><\/figure>\n\n\n\n<div class=\"wp-block-columns is-layout-flex wp-container-core-columns-is-layout-5 wp-block-columns-is-layout-flex\" style=\"padding-top:var(--wp--preset--spacing--10);padding-right:var(--wp--preset--spacing--10);padding-bottom:var(--wp--preset--spacing--10);padding-left:var(--wp--preset--spacing--10)\">\n<div class=\"wp-block-column is-layout-flow wp-block-column-is-layout-flow\">\n<p class=\"has-text-align-center\" style=\"font-size:clamp(0.875rem, 0.875rem + ((1vw - 0.2rem) * 0.375), 1.1rem);\"><strong>Divorcio con hijos y sin bienes<\/strong><\/p>\n\n\n\n<div class=\"wp-block-columns is-layout-flex wp-container-core-columns-is-layout-4 wp-block-columns-is-layout-flex\" style=\"padding-top:0rem;padding-bottom:0rem\">\n<div class=\"wp-block-column is-layout-flow wp-block-column-is-layout-flow\" style=\"flex-basis:100%\">\n<p class=\"has-text-align-center\"><a href=\"https:\/\/divorcios48horas.com\/index.php\/dudas\/divorcio-con-hijos-y-sin-bienes\/\" data-type=\"page\" data-id=\"377\">Leer m\u00e1s<\/a><\/p>\n<\/div>\n<\/div>\n<\/div>\n<\/div>\n<\/div>\n<\/div>\n<\/div>\n\n\n\n<div class=\"wp-block-group alignwide has-background has-global-padding is-layout-constrained wp-block-group-is-layout-constrained\" style=\"background-color:#f5f5f5\">\n<div class=\"wp-block-columns alignwide are-vertically-aligned-center is-layout-flex wp-container-core-columns-is-layout-11 wp-block-columns-is-layout-flex\" style=\"margin-top:0;margin-bottom:0;padding-right:0;padding-left:0\">\n<div class=\"wp-block-column is-vertically-aligned-center is-layout-flow wp-block-column-is-layout-flow\">\n<figure class=\"wp-block-image aligncenter size-full is-resized has-custom-border\" style=\"margin-right:var(--wp--preset--spacing--10);margin-left:var(--wp--preset--spacing--10)\"><img loading=\"lazy\" decoding=\"async\" width=\"1280\" height=\"861\" src=\"https:\/\/divorcios48horas.com\/wp-content\/uploads\/2024\/12\/Divorcio-con-hijos2-1.png\" alt=\"\" class=\"wp-image-273\" style=\"border-radius:8px;width:520px;height:auto\" srcset=\"https:\/\/divorcios48horas.com\/wp-content\/uploads\/2024\/12\/Divorcio-con-hijos2-1.png 1280w, https:\/\/divorcios48horas.com\/wp-content\/uploads\/2024\/12\/Divorcio-con-hijos2-1-300x202.png 300w, https:\/\/divorcios48horas.com\/wp-content\/uploads\/2024\/12\/Divorcio-con-hijos2-1-1024x689.png 1024w, https:\/\/divorcios48horas.com\/wp-content\/uploads\/2024\/12\/Divorcio-con-hijos2-1-768x517.png 768w\" sizes=\"auto, (max-width: 1280px) 100vw, 1280px\" \/><\/figure>\n\n\n\n<div class=\"wp-block-columns is-layout-flex wp-container-core-columns-is-layout-8 wp-block-columns-is-layout-flex\" style=\"padding-top:var(--wp--preset--spacing--10);padding-right:var(--wp--preset--spacing--10);padding-bottom:var(--wp--preset--spacing--10);padding-left:var(--wp--preset--spacing--10)\">\n<div class=\"wp-block-column is-layout-flow wp-block-column-is-layout-flow\">\n<p class=\"has-text-align-center\" style=\"font-size:clamp(0.875rem, 0.875rem + ((1vw - 0.2rem) * 0.375), 1.1rem);\"><strong>Divorcio contencioso con hijos y bienes<\/strong><\/p>\n\n\n\n<div class=\"wp-block-columns is-layout-flex wp-container-core-columns-is-layout-7 wp-block-columns-is-layout-flex\" style=\"padding-top:0.3rem;padding-bottom:0.3rem\">\n<div class=\"wp-block-column is-layout-flow wp-block-column-is-layout-flow\" style=\"flex-basis:100%\">\n<p class=\"has-text-align-center\"><a href=\"https:\/\/divorcios48horas.com\/index.php\/dudas\/divorcio-contencioso-con-hijos-y-bienes\/\" data-type=\"page\" data-id=\"384\">Leer m\u00e1s<\/a><\/p>\n<\/div>\n<\/div>\n<\/div>\n<\/div>\n<\/div>\n\n\n\n<div class=\"wp-block-column is-vertically-aligned-center is-layout-flow wp-block-column-is-layout-flow\">\n<figure class=\"wp-block-image aligncenter size-full is-resized has-custom-border\" style=\"margin-right:var(--wp--preset--spacing--10);margin-left:var(--wp--preset--spacing--10)\"><img loading=\"lazy\" decoding=\"async\" width=\"350\" height=\"350\" src=\"https:\/\/divorcios48horas.com\/wp-content\/uploads\/2024\/12\/909-3-hijos-de-padres-separados-y-divorciados.jpg\" alt=\"\" class=\"wp-image-265\" style=\"border-radius:8px;width:352px;height:auto\" srcset=\"https:\/\/divorcios48horas.com\/wp-content\/uploads\/2024\/12\/909-3-hijos-de-padres-separados-y-divorciados.jpg 350w, https:\/\/divorcios48horas.com\/wp-content\/uploads\/2024\/12\/909-3-hijos-de-padres-separados-y-divorciados-300x300.jpg 300w, https:\/\/divorcios48horas.com\/wp-content\/uploads\/2024\/12\/909-3-hijos-de-padres-separados-y-divorciados-150x150.jpg 150w\" sizes=\"auto, (max-width: 350px) 100vw, 350px\" \/><\/figure>\n\n\n\n<div class=\"wp-block-columns is-layout-flex wp-container-core-columns-is-layout-10 wp-block-columns-is-layout-flex\" style=\"padding-top:var(--wp--preset--spacing--10);padding-right:var(--wp--preset--spacing--10);padding-bottom:var(--wp--preset--spacing--10);padding-left:var(--wp--preset--spacing--10)\">\n<div class=\"wp-block-column is-layout-flow wp-block-column-is-layout-flow\">\n<p class=\"has-text-align-center\"><strong>Divorcio contencioso con hijos y sin bienes<\/strong><\/p>\n\n\n\n<div class=\"wp-block-columns is-layout-flex wp-container-core-columns-is-layout-9 wp-block-columns-is-layout-flex\" style=\"padding-top:0.3rem;padding-bottom:0.3rem\">\n<div class=\"wp-block-column is-layout-flow wp-block-column-is-layout-flow\" style=\"flex-basis:100%\">\n<p class=\"has-text-align-center\"><a href=\"https:\/\/divorcios48horas.com\/index.php\/dudas\/divorcio-contencioso-con-hijos-y-sin-bienes\/\" data-type=\"page\" data-id=\"392\">Leer m\u00e1s<\/a><\/p>\n<\/div>\n<\/div>\n<\/div>\n<\/div>\n<\/div>\n<\/div>\n<\/div>\n\n\n\n<div class=\"wp-block-group alignfull has-background has-global-padding is-layout-constrained wp-container-core-group-is-layout-4 wp-block-group-is-layout-constrained\" style=\"background-color:#f5f5f5;padding-left:0\">\n<div class=\"wp-block-columns alignwide are-vertically-aligned-center is-layout-flex wp-container-core-columns-is-layout-16 wp-block-columns-is-layout-flex\" style=\"margin-top:0;margin-bottom:0;padding-right:0;padding-left:0\">\n<div class=\"wp-block-column is-vertically-aligned-center is-layout-flow wp-block-column-is-layout-flow\">\n<figure class=\"wp-block-image aligncenter size-full is-resized has-custom-border\" style=\"margin-right:var(--wp--preset--spacing--10);margin-left:var(--wp--preset--spacing--10)\"><img loading=\"lazy\" decoding=\"async\" width=\"1500\" height=\"1000\" src=\"https:\/\/divorcios48horas.com\/wp-content\/uploads\/2024\/12\/divorcio.jpg\" alt=\"\" class=\"wp-image-272\" style=\"border-radius:8px;width:521px;height:auto\" srcset=\"https:\/\/divorcios48horas.com\/wp-content\/uploads\/2024\/12\/divorcio.jpg 1500w, https:\/\/divorcios48horas.com\/wp-content\/uploads\/2024\/12\/divorcio-300x200.jpg 300w, https:\/\/divorcios48horas.com\/wp-content\/uploads\/2024\/12\/divorcio-1024x683.jpg 1024w, https:\/\/divorcios48horas.com\/wp-content\/uploads\/2024\/12\/divorcio-768x512.jpg 768w\" sizes=\"auto, (max-width: 1500px) 100vw, 1500px\" \/><\/figure>\n\n\n\n<div class=\"wp-block-columns is-layout-flex wp-container-core-columns-is-layout-13 wp-block-columns-is-layout-flex\" style=\"padding-top:var(--wp--preset--spacing--10);padding-right:var(--wp--preset--spacing--10);padding-bottom:var(--wp--preset--spacing--10);padding-left:var(--wp--preset--spacing--10)\">\n<div class=\"wp-block-column is-layout-flow wp-block-column-is-layout-flow\">\n<p class=\"has-text-align-center\" style=\"font-size:clamp(0.875rem, 0.875rem + ((1vw - 0.2rem) * 0.375), 1.1rem);\"><strong>Divorcio contencioso sin bienes ni hijos por v\u00eda judicial<\/strong><\/p>\n\n\n\n<div class=\"wp-block-columns is-layout-flex wp-container-core-columns-is-layout-12 wp-block-columns-is-layout-flex\" style=\"padding-top:0.3rem;padding-bottom:0.3rem\">\n<div class=\"wp-block-column is-layout-flow wp-block-column-is-layout-flow\" style=\"flex-basis:100%\">\n<p class=\"has-text-align-center\"><a href=\"https:\/\/divorcios48horas.com\/index.php\/dudas\/divorcio-contencioso-sin-bienes-ni-hijos-por-via-judicial\/\" data-type=\"page\" data-id=\"397\">Leer m\u00e1s<\/a><\/p>\n<\/div>\n<\/div>\n<\/div>\n<\/div>\n<\/div>\n\n\n\n<div class=\"wp-block-column is-vertically-aligned-center is-layout-flow wp-block-column-is-layout-flow\">\n<figure class=\"wp-block-image aligncenter size-full is-resized has-custom-border\" style=\"margin-right:var(--wp--preset--spacing--10);margin-left:var(--wp--preset--spacing--10)\"><img loading=\"lazy\" decoding=\"async\" width=\"612\" height=\"407\" src=\"https:\/\/divorcios48horas.com\/wp-content\/uploads\/2024\/12\/istockphoto-1351475144-612x612-1.jpg\" alt=\"\" class=\"wp-image-271\" style=\"border-radius:8px;width:528px;height:auto\" srcset=\"https:\/\/divorcios48horas.com\/wp-content\/uploads\/2024\/12\/istockphoto-1351475144-612x612-1.jpg 612w, https:\/\/divorcios48horas.com\/wp-content\/uploads\/2024\/12\/istockphoto-1351475144-612x612-1-300x200.jpg 300w\" sizes=\"auto, (max-width: 612px) 100vw, 612px\" \/><\/figure>\n\n\n\n<div class=\"wp-block-columns is-layout-flex wp-container-core-columns-is-layout-15 wp-block-columns-is-layout-flex\" style=\"padding-top:var(--wp--preset--spacing--10);padding-right:var(--wp--preset--spacing--10);padding-bottom:var(--wp--preset--spacing--10);padding-left:var(--wp--preset--spacing--10)\">\n<div class=\"wp-block-column is-layout-flow wp-block-column-is-layout-flow\">\n<p class=\"has-text-align-center\" style=\"font-size:clamp(0.875rem, 0.875rem + ((1vw - 0.2rem) * 0.375), 1.1rem);\"><strong>Preguntas generales<\/strong><\/p>\n\n\n\n<div class=\"wp-block-columns is-layout-flex wp-container-core-columns-is-layout-14 wp-block-columns-is-layout-flex\" style=\"padding-top:0.3rem;padding-bottom:0.3rem\">\n<div class=\"wp-block-column is-layout-flow wp-block-column-is-layout-flow\" style=\"flex-basis:100%\">\n<p class=\"has-text-align-center\"><a href=\"https:\/\/divorcios48horas.com\/index.php\/dudas\/preguntas-generales\/\" data-type=\"page\" data-id=\"401\">Leer m\u00e1s<\/a><\/p>\n<\/div>\n<\/div>\n<\/div>\n<\/div>\n<\/div>\n<\/div>\n<\/div>\n<\/div>\n","protected":false},"excerpt":{"rendered":"<p>DUDAS Divorcio mutuo acuerdo judicial Leer m\u00e1s Divorcio con hijos y sin bienes Leer m\u00e1s Divorcio contencioso con hijos y bienes Leer m\u00e1s Divorcio contencioso con hijos y sin bienes Leer m\u00e1s Divorcio contencioso sin bienes ni hijos por v\u00eda judicial Leer m\u00e1s Preguntas generales Leer m\u00e1s<\/p>\n","protected":false},"author":1,"featured_media":0,"parent":0,"menu_order":0,"comment_status":"closed","ping_status":"closed","template":"","meta":{"footnotes":""},"class_list":["post-52","page","type-page","status-publish","hentry"],"_links":{"self":[{"href":"https:\/\/divorcios48horas.com\/index.php\/wp-json\/wp\/v2\/pages\/52","targetHints":{"allow":["GET"]}}],"collection":[{"href":"https:\/\/divorcios48horas.com\/index.php\/wp-json\/wp\/v2\/pages"}],"about":[{"href":"https:\/\/divorcios48horas.com\/index.php\/wp-json\/wp\/v2\/types\/page"}],"author":[{"embeddable":true,"href":"https:\/\/divorcios48horas.com\/index.php\/wp-json\/wp\/v2\/users\/1"}],"replies":[{"embeddable":true,"href":"https:\/\/divorcios48horas.com\/index.php\/wp-json\/wp\/v2\/comments?post=52"}],"version-history":[{"count":50,"href":"https:\/\/divorcios48horas.com\/index.php\/wp-json\/wp\/v2\/pages\/52\/revisions"}],"predecessor-version":[{"id":406,"href":"https:\/\/divorcios48horas.com\/index.php\/wp-json\/wp\/v2\/pages\/52\/revisions\/406"}],"wp:attachment":[{"href":"https:\/\/divorcios48horas.com\/index.php\/wp-json\/wp\/v2\/media?parent=52"}],"curies":[{"name":"wp","href":"https:\/\/api.w.org\/{rel}","templated":true}]}}