{"id":49,"date":"2024-11-28T09:51:35","date_gmt":"2024-11-28T08:51:35","guid":{"rendered":"https:\/\/divorcios48horas.com\/?page_id=49"},"modified":"2025-01-07T09:55:20","modified_gmt":"2025-01-07T08:55:20","slug":"noticiario","status":"publish","type":"page","link":"https:\/\/divorcios48horas.com\/index.php\/noticiario\/","title":{"rendered":"Noticiario"},"content":{"rendered":"\n<div class=\"wp-block-group alignfull has-background has-global-padding is-layout-constrained wp-block-group-is-layout-constrained\" style=\"background-color:#f74e3e;padding-top:1.2rem;padding-bottom:1.2rem\">\n<div class=\"wp-block-columns is-layout-flex wp-container-core-columns-is-layout-1 wp-block-columns-is-layout-flex\">\n<div class=\"wp-block-column is-layout-flow wp-block-column-is-layout-flow\">\n<p class=\"has-text-align-center has-base-2-color has-text-color has-link-color wp-elements-4643f3af2bf7f931a0c90837c7e83dc4\" style=\"font-size:clamp(0.875rem, 0.875rem + ((1vw - 0.2rem) * 0.542), 1.2rem);\"><strong>NOTICIARIO<\/strong><\/p>\n<\/div>\n<\/div>\n<\/div>\n\n\n\n<div class=\"wp-block-group alignwide has-border-color has-global-padding is-layout-constrained wp-container-core-group-is-layout-2 wp-block-group-is-layout-constrained\" style=\"border-color:#a3a3a330;border-width:1px;border-radius:5px;margin-top:var(--wp--preset--spacing--20);margin-bottom:var(--wp--preset--spacing--20);padding-top:var(--wp--preset--spacing--10);padding-right:var(--wp--preset--spacing--20);padding-bottom:var(--wp--preset--spacing--10);padding-left:var(--wp--preset--spacing--20)\">\n<div class=\"wp-block-columns alignwide is-layout-flex wp-container-core-columns-is-layout-2 wp-block-columns-is-layout-flex\" style=\"margin-top:var(--wp--preset--spacing--10);margin-bottom:var(--wp--preset--spacing--10)\">\n<div class=\"wp-block-column is-layout-flow wp-block-column-is-layout-flow\" style=\"flex-basis:100%\">\n<p class=\"has-contrast-color has-text-color has-link-color wp-elements-96cdb3715154a8a8d8420f361259eb4a\" style=\"font-size:clamp(0.875rem, 0.875rem + ((1vw - 0.2rem) * 0.542), 1.2rem);\">Consecuencias y efectos del divorcio en menores<\/p>\n<\/div>\n<\/div>\n\n\n\n<div class=\"wp-block-columns alignwide is-not-stacked-on-mobile is-layout-flex wp-container-core-columns-is-layout-4 wp-block-columns-is-layout-flex\">\n<div class=\"wp-block-column is-layout-flow wp-block-column-is-layout-flow\" style=\"padding-top:0;padding-right:0;padding-bottom:0;padding-left:0;flex-basis:50px\">\n<figure class=\"wp-block-image aligncenter size-full is-resized has-custom-border\"><img loading=\"lazy\" decoding=\"async\" width=\"100\" height=\"100\" src=\"https:\/\/divorcios48horas.com\/wp-content\/uploads\/2024\/12\/Sin-titulo.jpg\" alt=\"\" class=\"wp-image-240\" style=\"border-radius:10000px;width:34px;height:auto\"\/><\/figure>\n<\/div>\n\n\n\n<div class=\"wp-block-column is-vertically-aligned-center is-layout-flow wp-block-column-is-layout-flow\">\n<p class=\"has-contrast-2-color has-text-color has-link-color has-small-font-size wp-elements-c62e8e341635c0552e477daa2a0d0424\">F\u00e9lix Campillo<\/p>\n\n\n\n<div class=\"wp-block-columns is-layout-flex wp-container-core-columns-is-layout-3 wp-block-columns-is-layout-flex\" style=\"margin-top:var(--wp--preset--spacing--10);margin-bottom:var(--wp--preset--spacing--10)\">\n<div class=\"wp-block-column is-layout-flow wp-block-column-is-layout-flow\" style=\"flex-basis:100%\">\n<p class=\"has-small-font-size\">El Divorcio con hijos e hijas es indiscutible que la familia, en cualquiera de sus formas, representa uno de los pilares de la sociedad. No obstante, entendemos tambi\u00e9n que en el escenario del bienestar para todas las personas que conforman el n\u00facleo familiar, el divorcio muchas veces, se constituye como la decisi\u00f3n m\u00e1s sensata.<\/p>\n<\/div>\n<\/div>\n<\/div>\n<\/div>\n<\/div>\n","protected":false},"excerpt":{"rendered":"<p>NOTICIARIO Consecuencias y efectos del divorcio en menores F\u00e9lix Campillo El Divorcio con hijos e hijas es indiscutible que la familia, en cualquiera de sus formas, representa uno de los pilares de la sociedad. No obstante, entendemos tambi\u00e9n que en el escenario del bienestar para todas las personas que conforman el n\u00facleo familiar, el divorcio [&hellip;]<\/p>\n","protected":false},"author":1,"featured_media":0,"parent":0,"menu_order":0,"comment_status":"closed","ping_status":"closed","template":"","meta":{"footnotes":""},"class_list":["post-49","page","type-page","status-publish","hentry"],"_links":{"self":[{"href":"https:\/\/divorcios48horas.com\/index.php\/wp-json\/wp\/v2\/pages\/49","targetHints":{"allow":["GET"]}}],"collection":[{"href":"https:\/\/divorcios48horas.com\/index.php\/wp-json\/wp\/v2\/pages"}],"about":[{"href":"https:\/\/divorcios48horas.com\/index.php\/wp-json\/wp\/v2\/types\/page"}],"author":[{"embeddable":true,"href":"https:\/\/divorcios48horas.com\/index.php\/wp-json\/wp\/v2\/users\/1"}],"replies":[{"embeddable":true,"href":"https:\/\/divorcios48horas.com\/index.php\/wp-json\/wp\/v2\/comments?post=49"}],"version-history":[{"count":33,"href":"https:\/\/divorcios48horas.com\/index.php\/wp-json\/wp\/v2\/pages\/49\/revisions"}],"predecessor-version":[{"id":434,"href":"https:\/\/divorcios48horas.com\/index.php\/wp-json\/wp\/v2\/pages\/49\/revisions\/434"}],"wp:attachment":[{"href":"https:\/\/divorcios48horas.com\/index.php\/wp-json\/wp\/v2\/media?parent=49"}],"curies":[{"name":"wp","href":"https:\/\/api.w.org\/{rel}","templated":true}]}}