{"id":45,"date":"2024-11-28T09:50:53","date_gmt":"2024-11-28T08:50:53","guid":{"rendered":"https:\/\/divorcios48horas.com\/?page_id=45"},"modified":"2024-12-12T20:49:39","modified_gmt":"2024-12-12T19:49:39","slug":"precio","status":"publish","type":"page","link":"https:\/\/divorcios48horas.com\/index.php\/precio\/","title":{"rendered":"Precio"},"content":{"rendered":"\n<div class=\"wp-block-group alignfull has-base-2-color has-text-color has-background has-link-color wp-elements-7f33c6ee46a32e19e473fd1950b802f9 has-global-padding is-layout-constrained wp-container-core-group-is-layout-1 wp-block-group-is-layout-constrained\" style=\"background-color:#f74e3e;margin-top:0;margin-bottom:0;padding-top:1.2rem;padding-right:0;padding-bottom:1.2rem;padding-left:0\">\n<div class=\"wp-block-columns is-layout-flex wp-container-core-columns-is-layout-1 wp-block-columns-is-layout-flex\">\n<div class=\"wp-block-column is-layout-flow wp-block-column-is-layout-flow\">\n<p class=\"has-text-align-center\" style=\"font-size:clamp(0.875rem, 0.875rem + ((1vw - 0.2rem) * 0.542), 1.2rem);\"><strong>PRECIO<\/strong><\/p>\n<\/div>\n<\/div>\n<\/div>\n\n\n\n<div class=\"wp-block-group has-background has-global-padding is-layout-constrained wp-block-group-is-layout-constrained\" style=\"background-color:#f7f7f700\">\n<hr class=\"wp-block-separator has-text-color has-alpha-channel-opacity has-background is-style-wide\" style=\"margin-top:var(--wp--preset--spacing--10);margin-bottom:0;background-color:#f74e3e;color:#f74e3e\"\/>\n\n\n\n<div class=\"wp-block-columns is-layout-flex wp-container-core-columns-is-layout-2 wp-block-columns-is-layout-flex\" style=\"padding-top:var(--wp--preset--spacing--10);padding-bottom:var(--wp--preset--spacing--10)\">\n<div class=\"wp-block-column is-layout-flow wp-block-column-is-layout-flow\" style=\"flex-basis:100%\">\n<p class=\"has-text-align-center\" style=\"font-size:clamp(0.929rem, 0.929rem + ((1vw - 0.2rem) * 0.785), 1.4rem);\"><em>Un divorcio puede ser cuesti\u00f3n de dinero, pero normalmente hay dolor y tener que dejar mucho atr\u00e1s\u2026, perm\u00edtenos estar contigo en esta dif\u00edcil situaci\u00f3n.<\/em><\/p>\n<\/div>\n<\/div>\n\n\n\n<p class=\"has-text-align-center\">F\u00e9lix Campillo<\/p>\n\n\n\n<p class=\"has-text-align-center\">ABOGADO &#8211; MEDIADOR CIVIL Y MERCANTIL<\/p>\n\n\n\n<hr class=\"wp-block-separator has-text-color has-alpha-channel-opacity has-background is-style-wide\" style=\"margin-top:var(--wp--preset--spacing--10);margin-bottom:var(--wp--preset--spacing--10);background-color:#f74e3e;color:#f74e3e\"\/>\n<\/div>\n\n\n\n<div class=\"wp-block-group has-background has-global-padding is-layout-constrained wp-block-group-is-layout-constrained\" style=\"background-color:#f5f5f5;margin-top:var(--wp--preset--spacing--20);margin-bottom:var(--wp--preset--spacing--20);padding-top:0;padding-bottom:0\">\n<div class=\"wp-block-columns has-background is-layout-flex wp-container-core-columns-is-layout-3 wp-block-columns-is-layout-flex\" style=\"background-color:#fafafa00;margin-top:0;margin-bottom:0;padding-top:0;padding-right:0;padding-bottom:var(--wp--preset--spacing--10);padding-left:0\">\n<div class=\"wp-block-column has-border-color has-base-background-color has-background is-layout-flow wp-container-core-column-is-layout-3 wp-block-column-is-layout-flow\" style=\"border-color:#cfcabe78;border-width:1px;border-radius:5px;padding-top:var(--wp--preset--spacing--10);padding-right:var(--wp--preset--spacing--20);padding-bottom:var(--wp--preset--spacing--10);padding-left:var(--wp--preset--spacing--20)\">\n<figure class=\"wp-block-image aligncenter size-full is-resized\"><img loading=\"lazy\" decoding=\"async\" width=\"512\" height=\"512\" src=\"https:\/\/divorcios48horas.com\/wp-content\/uploads\/2024\/12\/apreton-de-manos-1.png\" alt=\"\" class=\"wp-image-196\" style=\"width:69px;height:auto\" srcset=\"https:\/\/divorcios48horas.com\/wp-content\/uploads\/2024\/12\/apreton-de-manos-1.png 512w, https:\/\/divorcios48horas.com\/wp-content\/uploads\/2024\/12\/apreton-de-manos-1-300x300.png 300w, https:\/\/divorcios48horas.com\/wp-content\/uploads\/2024\/12\/apreton-de-manos-1-150x150.png 150w\" sizes=\"auto, (max-width: 512px) 100vw, 512px\" \/><\/figure>\n\n\n\n<p class=\"has-text-align-center\">DIVORCIO AMISTOSO<\/p>\n\n\n\n<hr class=\"wp-block-separator aligncenter has-text-color has-alpha-channel-opacity has-background is-style-default\" style=\"margin-top:var(--wp--preset--spacing--10);margin-bottom:var(--wp--preset--spacing--10);background-color:#fc4d3d;color:#fc4d3d\"\/>\n\n\n\n<p class=\"has-text-align-center has-contrast-2-color has-text-color has-link-color has-small-font-size wp-elements-ee4bbf221a33ffce1c682e41baf60bf4\">\u00bfEST\u00c1IS DE ACUERDO EN TODO?<\/p>\n\n\n\n<hr class=\"wp-block-separator has-text-color has-alpha-channel-opacity has-background is-style-wide\" style=\"margin-top:var(--wp--preset--spacing--10);margin-bottom:var(--wp--preset--spacing--10);background-color:#cfcabe78;color:#cfcabe78\"\/>\n\n\n\n<p class=\"has-text-align-center has-small-font-size\">AMISTOSO<\/p>\n\n\n\n<hr class=\"wp-block-separator has-text-color has-alpha-channel-opacity has-background is-style-wide\" style=\"margin-top:var(--wp--preset--spacing--10);margin-bottom:var(--wp--preset--spacing--10);background-color:#cfcabe78;color:#cfcabe78\"\/>\n\n\n\n<p class=\"has-text-align-center has-small-font-size\">SOLICITADO POR LOS DOS C\u00d3NYUGES CONJUNTAMENTE<\/p>\n\n\n\n<hr class=\"wp-block-separator has-text-color has-alpha-channel-opacity has-background is-style-wide\" style=\"margin-top:var(--wp--preset--spacing--10);margin-bottom:var(--wp--preset--spacing--10);background-color:#cfcabe78;color:#cfcabe78\"\/>\n\n\n\n<p class=\"has-text-align-center has-small-font-size\">POR UNO DE LOS C\u00d3NYUGES<\/p>\n\n\n\n<hr class=\"wp-block-separator has-text-color has-alpha-channel-opacity has-background is-style-wide\" style=\"margin-top:var(--wp--preset--spacing--10);margin-bottom:var(--wp--preset--spacing--10);background-color:#cfcabe78;color:#cfcabe78\"\/>\n\n\n\n<p class=\"has-text-align-center has-text-color has-link-color has-small-font-size wp-elements-c8d9099c76af70188d588af583f55d6c\" style=\"color:#fb4d3d\"><a href=\"https:\/\/divorcios48horas.com\/index.php\/tipo-de-divorcio\/\" data-type=\"page\" data-id=\"42\">+INFO<\/a><\/p>\n\n\n\n<hr class=\"wp-block-separator has-text-color has-alpha-channel-opacity has-background is-style-wide\" style=\"margin-top:var(--wp--preset--spacing--10);margin-bottom:var(--wp--preset--spacing--10);background-color:#cfcabe78;color:#cfcabe78\"\/>\n\n\n\n<p class=\"has-text-align-center has-small-font-size\">DESDE 99\u20ac POR C\u00d3NYUGE<\/p>\n<\/div>\n\n\n\n<div class=\"wp-block-column has-border-color has-base-background-color has-background is-layout-flow wp-container-core-column-is-layout-4 wp-block-column-is-layout-flow\" style=\"border-color:#cfcabe78;border-width:1px;border-radius:5px;padding-top:var(--wp--preset--spacing--10);padding-right:var(--wp--preset--spacing--20);padding-bottom:var(--wp--preset--spacing--10);padding-left:var(--wp--preset--spacing--20)\">\n<figure class=\"wp-block-image aligncenter size-full is-resized\" style=\"margin-top:0.5rem;margin-bottom:0.5rem\"><img loading=\"lazy\" decoding=\"async\" width=\"800\" height=\"800\" src=\"https:\/\/divorcios48horas.com\/wp-content\/uploads\/2024\/12\/bolt-solid-1.png\" alt=\"\" class=\"wp-image-214\" style=\"width:53px;height:auto\" srcset=\"https:\/\/divorcios48horas.com\/wp-content\/uploads\/2024\/12\/bolt-solid-1.png 800w, https:\/\/divorcios48horas.com\/wp-content\/uploads\/2024\/12\/bolt-solid-1-300x300.png 300w, https:\/\/divorcios48horas.com\/wp-content\/uploads\/2024\/12\/bolt-solid-1-150x150.png 150w, https:\/\/divorcios48horas.com\/wp-content\/uploads\/2024\/12\/bolt-solid-1-768x768.png 768w\" sizes=\"auto, (max-width: 800px) 100vw, 800px\" \/><\/figure>\n\n\n\n<p class=\"has-text-align-center\">DIVORCIO CONTENCIOSO<\/p>\n\n\n\n<hr class=\"wp-block-separator aligncenter has-text-color has-alpha-channel-opacity has-background is-style-default\" style=\"margin-top:var(--wp--preset--spacing--10);margin-bottom:var(--wp--preset--spacing--10);background-color:#fc4d3d;color:#fc4d3d\"\/>\n\n\n\n<p class=\"has-text-align-center has-contrast-2-color has-text-color has-link-color has-small-font-size wp-elements-a9d4321b41b0ebac36aeb38b7d6fa7d2\">DIVORCIO Y SEPARACI\u00d3N CONFLICTIVA<\/p>\n\n\n\n<hr class=\"wp-block-separator has-text-color has-alpha-channel-opacity has-background is-style-wide\" style=\"margin-top:var(--wp--preset--spacing--10);margin-bottom:var(--wp--preset--spacing--10);background-color:#cfcabe78;color:#cfcabe78\"\/>\n\n\n\n<p class=\"has-text-align-center has-small-font-size\">\u00bfACUERDO AMISTOSO IMPOSIBLE?<\/p>\n\n\n\n<hr class=\"wp-block-separator has-text-color has-alpha-channel-opacity has-background is-style-wide\" style=\"margin-top:var(--wp--preset--spacing--10);margin-bottom:var(--wp--preset--spacing--10);background-color:#cfcabe78;color:#cfcabe78\"\/>\n\n\n\n<p class=\"has-text-align-center has-small-font-size\">SORPR\u00c9NDETE DE NUESTRA MEDIACI\u00d3N PROFESIONAL<\/p>\n\n\n\n<hr class=\"wp-block-separator has-text-color has-alpha-channel-opacity has-background is-style-wide\" style=\"margin-top:var(--wp--preset--spacing--10);margin-bottom:var(--wp--preset--spacing--10);background-color:#cfcabe78;color:#cfcabe78\"\/>\n\n\n\n<p class=\"has-text-align-center has-text-color has-link-color has-small-font-size wp-elements-c8d9099c76af70188d588af583f55d6c\" style=\"color:#fb4d3d\"><a href=\"https:\/\/divorcios48horas.com\/index.php\/tipo-de-divorcio\/\" data-type=\"page\" data-id=\"42\">+INFO<\/a><\/p>\n\n\n\n<hr class=\"wp-block-separator has-text-color has-alpha-channel-opacity has-background is-style-wide\" style=\"margin-top:var(--wp--preset--spacing--10);margin-bottom:var(--wp--preset--spacing--10);background-color:#cfcabe78;color:#cfcabe78\"\/>\n\n\n\n<p class=\"has-text-align-center has-small-font-size\">DESDE 399\u20ac POR C\u00d3NYUGE<\/p>\n<\/div>\n<\/div>\n<\/div>\n","protected":false},"excerpt":{"rendered":"<p>PRECIO Un divorcio puede ser cuesti\u00f3n de dinero, pero normalmente hay dolor y tener que dejar mucho atr\u00e1s\u2026, perm\u00edtenos estar contigo en esta dif\u00edcil situaci\u00f3n. F\u00e9lix Campillo ABOGADO &#8211; MEDIADOR CIVIL Y MERCANTIL DIVORCIO AMISTOSO \u00bfEST\u00c1IS DE ACUERDO EN TODO? AMISTOSO SOLICITADO POR LOS DOS C\u00d3NYUGES CONJUNTAMENTE POR UNO DE LOS C\u00d3NYUGES +INFO DESDE 99\u20ac [&hellip;]<\/p>\n","protected":false},"author":1,"featured_media":0,"parent":0,"menu_order":0,"comment_status":"closed","ping_status":"closed","template":"","meta":{"footnotes":""},"class_list":["post-45","page","type-page","status-publish","hentry"],"_links":{"self":[{"href":"https:\/\/divorcios48horas.com\/index.php\/wp-json\/wp\/v2\/pages\/45","targetHints":{"allow":["GET"]}}],"collection":[{"href":"https:\/\/divorcios48horas.com\/index.php\/wp-json\/wp\/v2\/pages"}],"about":[{"href":"https:\/\/divorcios48horas.com\/index.php\/wp-json\/wp\/v2\/types\/page"}],"author":[{"embeddable":true,"href":"https:\/\/divorcios48horas.com\/index.php\/wp-json\/wp\/v2\/users\/1"}],"replies":[{"embeddable":true,"href":"https:\/\/divorcios48horas.com\/index.php\/wp-json\/wp\/v2\/comments?post=45"}],"version-history":[{"count":48,"href":"https:\/\/divorcios48horas.com\/index.php\/wp-json\/wp\/v2\/pages\/45\/revisions"}],"predecessor-version":[{"id":352,"href":"https:\/\/divorcios48horas.com\/index.php\/wp-json\/wp\/v2\/pages\/45\/revisions\/352"}],"wp:attachment":[{"href":"https:\/\/divorcios48horas.com\/index.php\/wp-json\/wp\/v2\/media?parent=45"}],"curies":[{"name":"wp","href":"https:\/\/api.w.org\/{rel}","templated":true}]}}