{"id":42,"date":"2024-11-28T09:49:58","date_gmt":"2024-11-28T08:49:58","guid":{"rendered":"https:\/\/divorcios48horas.com\/?page_id=42"},"modified":"2025-01-15T13:02:21","modified_gmt":"2025-01-15T12:02:21","slug":"tipo-de-divorcio","status":"publish","type":"page","link":"https:\/\/divorcios48horas.com\/index.php\/tipo-de-divorcio\/","title":{"rendered":"Tipo de divorcio"},"content":{"rendered":"\n<div class=\"wp-block-group alignfull has-base-2-color has-text-color has-background has-link-color wp-elements-da2e16108325e963da7e2b87418befaa has-global-padding is-layout-constrained wp-block-group-is-layout-constrained\" style=\"background-color:#f74e3e;padding-top:1.2rem;padding-bottom:1.2rem\">\n<div class=\"wp-block-columns is-layout-flex wp-container-core-columns-is-layout-1 wp-block-columns-is-layout-flex\">\n<div class=\"wp-block-column is-layout-flow wp-block-column-is-layout-flow\">\n<p class=\"has-text-align-center\" style=\"font-size:clamp(0.875rem, 0.875rem + ((1vw - 0.2rem) * 0.542), 1.2rem);\"><strong>TIPOS DE DIVORCIO<\/strong><\/p>\n<\/div>\n<\/div>\n<\/div>\n\n\n\n<div class=\"wp-block-group alignfull has-background has-global-padding is-layout-constrained wp-block-group-is-layout-constrained\" style=\"background-color:#f5f5f5;padding-top:var(--wp--preset--spacing--30)\">\n<div class=\"wp-block-columns alignwide is-layout-flex wp-container-core-columns-is-layout-18 wp-block-columns-is-layout-flex\" style=\"margin-top:0;margin-bottom:0;padding-right:0;padding-left:0\">\n<div class=\"wp-block-column is-layout-flow wp-block-column-is-layout-flow\">\n<figure class=\"wp-block-image size-full is-resized has-custom-border\" style=\"margin-right:var(--wp--preset--spacing--10);margin-left:var(--wp--preset--spacing--10)\"><img loading=\"lazy\" decoding=\"async\" width=\"1277\" height=\"720\" src=\"https:\/\/divorcios48horas-com.preview-domain.com\/wp-content\/uploads\/2024\/12\/mutual-consent-divorce-1.jpg\" alt=\"\" class=\"wp-image-174\" style=\"border-radius:8px;width:587px;height:auto\" srcset=\"https:\/\/divorcios48horas.com\/wp-content\/uploads\/2024\/12\/mutual-consent-divorce-1.jpg 1277w, https:\/\/divorcios48horas.com\/wp-content\/uploads\/2024\/12\/mutual-consent-divorce-1-300x169.jpg 300w, https:\/\/divorcios48horas.com\/wp-content\/uploads\/2024\/12\/mutual-consent-divorce-1-1024x577.jpg 1024w, https:\/\/divorcios48horas.com\/wp-content\/uploads\/2024\/12\/mutual-consent-divorce-1-768x433.jpg 768w\" sizes=\"auto, (max-width: 1277px) 100vw, 1277px\" \/><\/figure>\n\n\n\n<div class=\"wp-block-columns is-layout-flex wp-container-core-columns-is-layout-7 wp-block-columns-is-layout-flex\" style=\"padding-top:var(--wp--preset--spacing--10);padding-right:var(--wp--preset--spacing--10);padding-bottom:var(--wp--preset--spacing--10);padding-left:var(--wp--preset--spacing--10)\">\n<div class=\"wp-block-column is-layout-flow wp-block-column-is-layout-flow\">\n<p style=\"font-size:clamp(1.352rem, 1.352rem + ((1vw - 0.2rem) * 1.413), 2.2rem);\">Mutuo Acuerdo<\/p>\n\n\n\n<div class=\"wp-block-columns is-layout-flex wp-container-core-columns-is-layout-2 wp-block-columns-is-layout-flex\" style=\"padding-top:0.3rem;padding-bottom:0.3rem\">\n<div class=\"wp-block-column is-layout-flow wp-block-column-is-layout-flow\" style=\"flex-basis:100%\">\n<p>El divorcio de mutuo acuerdo de com\u00fan acuerdo o amistoso, es aquel que es solicitado por los dos c\u00f3nyuges conjuntamente o por uno de los c\u00f3nyuges (Persona unida a otra en matrimonio.) con el consentimiento del otro.<\/p>\n<\/div>\n<\/div>\n\n\n\n<div class=\"wp-block-columns is-layout-flex wp-container-core-columns-is-layout-3 wp-block-columns-is-layout-flex\" style=\"padding-top:0.3rem;padding-bottom:0.3rem\">\n<div class=\"wp-block-column is-layout-flow wp-block-column-is-layout-flow\" style=\"flex-basis:100%\">\n<p><strong>Convenio regulador de divorcio de mutuo acuerdo<\/strong><\/p>\n<\/div>\n<\/div>\n\n\n\n<div class=\"wp-block-columns is-layout-flex wp-container-core-columns-is-layout-4 wp-block-columns-is-layout-flex\" style=\"padding-top:0.2rem;padding-bottom:0.2rem\">\n<div class=\"wp-block-column is-layout-flow wp-block-column-is-layout-flow\" style=\"flex-basis:100%\">\n<p>El convenio regulador es un documento privado mediante el cual el matrimonio resuelve la situaci\u00f3n de los hijos.<\/p>\n<\/div>\n<\/div>\n\n\n\n<div class=\"wp-block-columns is-layout-flex wp-container-core-columns-is-layout-5 wp-block-columns-is-layout-flex\" style=\"padding-top:0.2rem;padding-bottom:0.2rem\">\n<div class=\"wp-block-column is-layout-flow wp-block-column-is-layout-flow\" style=\"flex-basis:100%\">\n<p>Es imprescindible que los c\u00f3nyuges que quieren divorciarse est\u00e9n de acuerdo en disolver su v\u00ednculo matrimonial, as\u00ed como en las medidas que se deben adoptar. Es requisito necesario que las partes redacten, de com\u00fan acuerdo, el documento (convenio regulador) en el que se deciden las cuestiones referentes a:<\/p>\n<\/div>\n<\/div>\n\n\n\n<div class=\"wp-block-columns is-layout-flex wp-container-core-columns-is-layout-6 wp-block-columns-is-layout-flex\" style=\"padding-top:0.2rem;padding-bottom:0.2rem\">\n<div class=\"wp-block-column is-layout-flow wp-block-column-is-layout-flow\" style=\"flex-basis:100%\">\n<ul class=\"wp-block-list\">\n<li class=\"has-border-color\" style=\"border-color:#ffffff00;border-width:3px\">El cuidado de los <strong>hijos <\/strong>sujetos a la patria potestad de ambos, es decir, el tipo de custodia de los hijos y, en su caso, el r\u00e9gimen de comunicaci\u00f3n y estancia de los hijos con el progenitor que no conviva con ellos.<\/li>\n\n\n\n<li class=\"has-border-color\" style=\"border-color:#ffffff00;border-width:3px\">En su caso, el <strong>r\u00e9gimen de visitas<\/strong> y comunicaci\u00f3n de los nietos con <strong>sus abuelos<\/strong>, en inter\u00e9s de aquellos.<\/li>\n\n\n\n<li class=\"has-border-color\" style=\"border-color:#ffffff00;border-width:3px\">Atribuci\u00f3n del <strong>uso y disfrute<\/strong> de la vivienda familiar.<\/li>\n\n\n\n<li class=\"has-border-color\" style=\"border-color:#ffffff00;border-width:3px\"><strong>Pensi\u00f3n de alimentos<\/strong> en favor de los hijos, bases de actualizaci\u00f3n y garant\u00edas en su caso.<\/li>\n\n\n\n<li class=\"has-border-color\" style=\"border-color:#ffffff00;border-width:3px\"><strong>Pensi\u00f3n compensatoria<\/strong> a favor del c\u00f3nyuge cuya situaci\u00f3n econ\u00f3mica empeore como consecuencia del divorcio.<\/li>\n\n\n\n<li class=\"has-border-color\" style=\"border-color:#ffffff00;border-width:3px\">La liquidaci\u00f3n del <strong>r\u00e9gimen econ\u00f3mico<\/strong> del matrimonio, cuando proceda.<\/li>\n<\/ul>\n<\/div>\n<\/div>\n<\/div>\n<\/div>\n<\/div>\n\n\n\n<div class=\"wp-block-column is-layout-flow wp-block-column-is-layout-flow\">\n<figure class=\"wp-block-image size-full is-resized has-custom-border\" style=\"margin-right:var(--wp--preset--spacing--10);margin-left:var(--wp--preset--spacing--10)\"><img loading=\"lazy\" decoding=\"async\" width=\"768\" height=\"432\" src=\"https:\/\/divorcios48horas-com.preview-domain.com\/wp-content\/uploads\/2024\/12\/gettyimages-1442892199-640x640-1.jpg\" alt=\"\" class=\"wp-image-120\" style=\"border-radius:8px;width:578px;height:auto\" srcset=\"https:\/\/divorcios48horas.com\/wp-content\/uploads\/2024\/12\/gettyimages-1442892199-640x640-1.jpg 768w, https:\/\/divorcios48horas.com\/wp-content\/uploads\/2024\/12\/gettyimages-1442892199-640x640-1-300x169.jpg 300w\" sizes=\"auto, (max-width: 768px) 100vw, 768px\" \/><\/figure>\n\n\n\n<div class=\"wp-block-columns is-layout-flex wp-container-core-columns-is-layout-17 wp-block-columns-is-layout-flex\" style=\"padding-top:var(--wp--preset--spacing--10);padding-right:var(--wp--preset--spacing--10);padding-bottom:var(--wp--preset--spacing--10);padding-left:var(--wp--preset--spacing--10)\">\n<div class=\"wp-block-column is-layout-flow wp-block-column-is-layout-flow\">\n<p style=\"font-size:clamp(1.352rem, 1.352rem + ((1vw - 0.2rem) * 1.413), 2.2rem);\">Contencioso<\/p>\n\n\n\n<div class=\"wp-block-columns is-layout-flex wp-container-core-columns-is-layout-8 wp-block-columns-is-layout-flex\" style=\"padding-top:0.3rem;padding-bottom:0.3rem\">\n<div class=\"wp-block-column is-layout-flow wp-block-column-is-layout-flow\" style=\"flex-basis:100%\">\n<p><strong>\u00bfImposible alcanzar un acuerdo? \u00a1Defiende lo tuyo!<\/strong><\/p>\n<\/div>\n<\/div>\n\n\n\n<div class=\"wp-block-columns is-layout-flex wp-container-core-columns-is-layout-9 wp-block-columns-is-layout-flex\" style=\"padding-top:0.3rem;padding-bottom:0.3rem\">\n<div class=\"wp-block-column is-layout-flow wp-block-column-is-layout-flow\" style=\"flex-basis:100%\">\n<p>Puede ser iniciado por cualquiera de los c\u00f3nyuges. No es necesario el consentimiento de la otra parte.<\/p>\n<\/div>\n<\/div>\n\n\n\n<div class=\"wp-block-columns is-layout-flex wp-container-core-columns-is-layout-10 wp-block-columns-is-layout-flex\" style=\"padding-top:0.2rem;padding-bottom:0.2rem\">\n<div class=\"wp-block-column is-layout-flow wp-block-column-is-layout-flow\" style=\"flex-basis:100%\">\n<p>El \u00fanico requisito exigido por la ley para solicitar el divorcio es que hayan transcurrido <strong>tres meses desde la celebraci\u00f3n del matrimonio.<\/strong><\/p>\n<\/div>\n<\/div>\n\n\n\n<div class=\"wp-block-columns is-layout-flex wp-container-core-columns-is-layout-11 wp-block-columns-is-layout-flex\" style=\"padding-top:0.2rem;padding-bottom:0.2rem\">\n<div class=\"wp-block-column is-layout-flow wp-block-column-is-layout-flow\" style=\"flex-basis:100%\">\n<p>Tiene un mayor costo econ\u00f3mico y es m\u00e1s extenso en el tiempo que el divorcio de mutuo acuerdo.<\/p>\n<\/div>\n<\/div>\n\n\n\n<div class=\"wp-block-columns is-layout-flex wp-container-core-columns-is-layout-12 wp-block-columns-is-layout-flex\" style=\"padding-top:0.2rem;padding-bottom:0.2rem\">\n<div class=\"wp-block-column is-layout-flow wp-block-column-is-layout-flow\" style=\"flex-basis:100%\">\n<p><strong>En DIVORCIO48HORAS ponemos a tu disposici\u00f3n un mediador <\/strong>para que llegu\u00e9is a un acuerdo y no tener que pasar por todo esto y <strong>hacerlo de una forma mas amistosa.<\/strong><\/p>\n<\/div>\n<\/div>\n\n\n\n<div class=\"wp-block-columns is-layout-flex wp-container-core-columns-is-layout-13 wp-block-columns-is-layout-flex\" style=\"padding-top:0.2rem;padding-bottom:0.2rem\">\n<div class=\"wp-block-column is-layout-flow wp-block-column-is-layout-flow\" style=\"flex-basis:100%\">\n<p>Si la mediaci\u00f3n es <strong>exitosa<\/strong>, la separaci\u00f3n se convierte en un divorcio por <strong>mutuo acuerdo.<\/strong><\/p>\n<\/div>\n<\/div>\n\n\n\n<div class=\"wp-block-columns is-layout-flex wp-container-core-columns-is-layout-14 wp-block-columns-is-layout-flex\" style=\"padding-top:0.2rem;padding-bottom:0.2rem\">\n<div class=\"wp-block-column is-layout-flow wp-block-column-is-layout-flow\" style=\"flex-basis:100%\">\n<p>El procedimiento continua como divorcio de mutuo acuerdo siendo obligatorio para ello presentar un convenio regulador.<\/p>\n<\/div>\n<\/div>\n\n\n\n<div class=\"wp-block-columns is-layout-flex wp-container-core-columns-is-layout-15 wp-block-columns-is-layout-flex\" style=\"padding-top:0.2rem;padding-bottom:0.2rem\">\n<div class=\"wp-block-column is-layout-flow wp-block-column-is-layout-flow\" style=\"flex-basis:100%\">\n<p>El divorcio contencioso es la disoluci\u00f3n del v\u00ednculo conyugal que se realiza ante un juez, por no existir acuerdo sobre la solicitud de divorcio o los contenidos del convenio regulador. No requiere consentimiento de la otra parte ni alegar causas.<\/p>\n<\/div>\n<\/div>\n\n\n\n<div class=\"wp-block-columns is-layout-flex wp-container-core-columns-is-layout-16 wp-block-columns-is-layout-flex\" style=\"padding-top:0.2rem;padding-bottom:0.2rem\">\n<div class=\"wp-block-column is-layout-flow wp-block-column-is-layout-flow\" style=\"flex-basis:100%\">\n<p>Si hay hijos menores, tambi\u00e9n es notificado de la demanda el Ministerio Fiscal. Cuando hay hijos mayores de 12 a\u00f1os o con suficiente juicio, la Ley de Enjuiciamiento Civil indica que \u00e9stos deben ser escuchados respecto de las cuestiones relacionadas con su guarda y custodia.<\/p>\n<\/div>\n<\/div>\n<\/div>\n<\/div>\n<\/div>\n<\/div>\n<\/div>\n\n\n\n<div class=\"wp-block-group has-global-padding is-layout-constrained wp-block-group-is-layout-constrained\" style=\"padding-top:0;padding-bottom:0\">\n<div class=\"wp-block-buttons has-background is-content-justification-center is-layout-flex wp-container-core-buttons-is-layout-1 wp-block-buttons-is-layout-flex\" style=\"background-color:#f5f5f5;padding-top:0.5rem;padding-bottom:0.5rem\">\n<div class=\"wp-block-button\"><a class=\"wp-block-button__link has-background wp-element-button\" href=\"https:\/\/divorcios48horas-com.preview-domain.com\/index.php\/454-2\/\" style=\"background-color:#f74e3e\">Empieza con tu divorcio<\/a><\/div>\n<\/div>\n<\/div>\n\n\n\n<div class=\"wp-block-group has-global-padding is-layout-constrained wp-block-group-is-layout-constrained\" style=\"padding-top:0;padding-bottom:0\">\n<div class=\"wp-block-buttons has-background is-content-justification-center is-layout-flex wp-container-core-buttons-is-layout-2 wp-block-buttons-is-layout-flex\" style=\"background-color:#f5f5f5;margin-bottom:var(--wp--preset--spacing--20);padding-top:0.5rem;padding-bottom:0.5rem\">\n<div class=\"wp-block-button\"><a class=\"wp-block-button__link has-background wp-element-button\" href=\"https:\/\/divorcios48horas-com.preview-domain.com\/index.php\/dudas\/\" style=\"background-color:#f74e3e\">Dudas<\/a><\/div>\n<\/div>\n<\/div>\n\n\n\n<p><\/p>\n","protected":false},"excerpt":{"rendered":"<p>TIPOS DE DIVORCIO Mutuo Acuerdo El divorcio de mutuo acuerdo de com\u00fan acuerdo o amistoso, es aquel que es solicitado por los dos c\u00f3nyuges conjuntamente o por uno de los c\u00f3nyuges (Persona unida a otra en matrimonio.) con el consentimiento del otro. Convenio regulador de divorcio de mutuo acuerdo El convenio regulador es un documento [&hellip;]<\/p>\n","protected":false},"author":1,"featured_media":0,"parent":0,"menu_order":0,"comment_status":"closed","ping_status":"closed","template":"","meta":{"footnotes":""},"class_list":["post-42","page","type-page","status-publish","hentry"],"_links":{"self":[{"href":"https:\/\/divorcios48horas.com\/index.php\/wp-json\/wp\/v2\/pages\/42","targetHints":{"allow":["GET"]}}],"collection":[{"href":"https:\/\/divorcios48horas.com\/index.php\/wp-json\/wp\/v2\/pages"}],"about":[{"href":"https:\/\/divorcios48horas.com\/index.php\/wp-json\/wp\/v2\/types\/page"}],"author":[{"embeddable":true,"href":"https:\/\/divorcios48horas.com\/index.php\/wp-json\/wp\/v2\/users\/1"}],"replies":[{"embeddable":true,"href":"https:\/\/divorcios48horas.com\/index.php\/wp-json\/wp\/v2\/comments?post=42"}],"version-history":[{"count":47,"href":"https:\/\/divorcios48horas.com\/index.php\/wp-json\/wp\/v2\/pages\/42\/revisions"}],"predecessor-version":[{"id":463,"href":"https:\/\/divorcios48horas.com\/index.php\/wp-json\/wp\/v2\/pages\/42\/revisions\/463"}],"wp:attachment":[{"href":"https:\/\/divorcios48horas.com\/index.php\/wp-json\/wp\/v2\/media?parent=42"}],"curies":[{"name":"wp","href":"https:\/\/api.w.org\/{rel}","templated":true}]}}