{"id":384,"date":"2024-12-12T21:30:53","date_gmt":"2024-12-12T20:30:53","guid":{"rendered":"https:\/\/divorcios48horas.com\/?page_id=384"},"modified":"2025-01-13T09:57:53","modified_gmt":"2025-01-13T08:57:53","slug":"divorcio-contencioso-con-hijos-y-bienes","status":"publish","type":"page","link":"https:\/\/divorcios48horas.com\/index.php\/dudas\/divorcio-contencioso-con-hijos-y-bienes\/","title":{"rendered":"Divorcio contencioso con hijos y bienes"},"content":{"rendered":"\n<div class=\"wp-block-group alignfull has-base-2-color has-text-color has-background has-link-color wp-elements-756fe8a7576fc052012f4587c904b0a9 has-global-padding is-layout-constrained wp-block-group-is-layout-constrained\" style=\"background-color:#f74e3e;padding-top:1.2rem;padding-bottom:1.2rem\">\n<div class=\"wp-block-columns is-layout-flex wp-container-core-columns-is-layout-1 wp-block-columns-is-layout-flex\">\n<div class=\"wp-block-column is-layout-flow wp-block-column-is-layout-flow\">\n<p class=\"has-text-align-center\" style=\"font-size:clamp(0.875rem, 0.875rem + ((1vw - 0.2rem) * 0.542), 1.2rem);\"><strong>DIVORCIO CONTENCIOSO CON HIJOS Y BIENES<\/strong><\/p>\n<\/div>\n<\/div>\n<\/div>\n\n\n\n<div class=\"wp-block-group alignfull has-background has-global-padding is-layout-constrained wp-block-group-is-layout-constrained\" style=\"background-color:#f5f5f5\">\n<div class=\"wp-block-group alignwide has-background is-nowrap is-layout-flex wp-container-core-group-is-layout-3 wp-block-group-is-layout-flex\" style=\"background-color:#f5f5f5;padding-top:0;padding-right:0;padding-bottom:0;padding-left:0\">\n<figure class=\"wp-block-image size-full is-resized\" style=\"margin-right:3rem;margin-left:3rem\"><img loading=\"lazy\" decoding=\"async\" width=\"74\" height=\"101\" src=\"https:\/\/divorcios48horas.com\/wp-content\/uploads\/2024\/12\/question2-1.png\" alt=\"\" class=\"wp-image-334\" style=\"width:37px\"\/><\/figure>\n\n\n\n<div class=\"wp-block-group has-background is-vertical is-layout-flex wp-container-core-group-is-layout-2 wp-block-group-is-layout-flex\" style=\"background-color:#f5f5f5\">\n<p><strong>\u00bfCU\u00c1LES SON LOS REQUISITOS PARA SOLICITAR EL DIVORCIO CONTENCIOSO?<\/strong><\/p>\n\n\n\n<p>Para comenzar el proceso de divorcio contencioso uno de los c\u00f3nyuges presentar\u00e1 ante el Juzgado la demanda de divorcio siempre y cuando hubiesen transcurrido al menos tres meses desde la celebraci\u00f3n del matrimonio. Junto a la demanda se presentar\u00e1 el proyecto de medidas que propone el c\u00f3nyuge demandante.<\/p>\n<\/div>\n<\/div>\n\n\n\n<div class=\"wp-block-group alignwide has-background is-nowrap is-layout-flex wp-container-core-group-is-layout-5 wp-block-group-is-layout-flex\" style=\"background-color:#f5f5f5;padding-top:0;padding-right:0;padding-bottom:0;padding-left:0\">\n<figure class=\"wp-block-image size-full is-resized\" style=\"margin-right:3rem;margin-left:3rem\"><img loading=\"lazy\" decoding=\"async\" width=\"74\" height=\"101\" src=\"https:\/\/divorcios48horas.com\/wp-content\/uploads\/2024\/12\/question2-1.png\" alt=\"\" class=\"wp-image-334\" style=\"width:37px\"\/><\/figure>\n\n\n\n<div class=\"wp-block-group has-background is-vertical is-layout-flex wp-container-core-group-is-layout-4 wp-block-group-is-layout-flex\" style=\"background-color:#f5f5f5\">\n<p><strong>\u00bfCOMO TRANSCURRE EL PROCEDIMIENTO DE DIVORCIO CONTENCIOSO?<\/strong><\/p>\n\n\n\n<p>El procedimiento de divorcio contencioso es m\u00e1s largo y farragoso que uno de m\u00fatuo acuerdo. Comienza con la presentaci\u00f3n de la demanda y la contestaci\u00f3n a la misma. Posteriormente se realizar\u00e1 una vista ante el Juez y una eventual audiencia a los hijos. Posteriormente y con los datos recabados el Juez dictar\u00e1 sentencia.<\/p>\n<\/div>\n<\/div>\n\n\n\n<div class=\"wp-block-group alignwide has-background is-nowrap is-layout-flex wp-container-core-group-is-layout-7 wp-block-group-is-layout-flex\" style=\"background-color:#f5f5f5;padding-top:0;padding-right:0;padding-bottom:0;padding-left:0\">\n<figure class=\"wp-block-image size-full is-resized\" style=\"margin-right:3rem;margin-left:3rem\"><img loading=\"lazy\" decoding=\"async\" width=\"74\" height=\"101\" src=\"https:\/\/divorcios48horas.com\/wp-content\/uploads\/2024\/12\/question2-1.png\" alt=\"\" class=\"wp-image-334\" style=\"width:37px\"\/><\/figure>\n\n\n\n<div class=\"wp-block-group has-background is-vertical is-layout-flex wp-container-core-group-is-layout-6 wp-block-group-is-layout-flex\" style=\"background-color:#f5f5f5\">\n<p><strong>\u00bfPUEDE UN DIVORCIO CONTENCIOSO CONVERTIRSE EN UN DIVORCIO DE M\u00daTUO ACUERDO?<\/strong><\/p>\n\n\n\n<p>Si. Si en cualquier momento del divorcio contencioso los c\u00f3nyuges llegan a un acuerdo consensuado pueden solicitar que el procedimiento contin\u00fae como divorcio de mutuo acuerdo siendo obligatorio para ello presentar un convenio regulador<\/p>\n<\/div>\n<\/div>\n<\/div>\n","protected":false},"excerpt":{"rendered":"<p>DIVORCIO CONTENCIOSO CON HIJOS Y BIENES \u00bfCU\u00c1LES SON LOS REQUISITOS PARA SOLICITAR EL DIVORCIO CONTENCIOSO? Para comenzar el proceso de divorcio contencioso uno de los c\u00f3nyuges presentar\u00e1 ante el Juzgado la demanda de divorcio siempre y cuando hubiesen transcurrido al menos tres meses desde la celebraci\u00f3n del matrimonio. Junto a la demanda se presentar\u00e1 el [&hellip;]<\/p>\n","protected":false},"author":1,"featured_media":0,"parent":52,"menu_order":0,"comment_status":"closed","ping_status":"closed","template":"","meta":{"footnotes":""},"class_list":["post-384","page","type-page","status-publish","hentry"],"_links":{"self":[{"href":"https:\/\/divorcios48horas.com\/index.php\/wp-json\/wp\/v2\/pages\/384","targetHints":{"allow":["GET"]}}],"collection":[{"href":"https:\/\/divorcios48horas.com\/index.php\/wp-json\/wp\/v2\/pages"}],"about":[{"href":"https:\/\/divorcios48horas.com\/index.php\/wp-json\/wp\/v2\/types\/page"}],"author":[{"embeddable":true,"href":"https:\/\/divorcios48horas.com\/index.php\/wp-json\/wp\/v2\/users\/1"}],"replies":[{"embeddable":true,"href":"https:\/\/divorcios48horas.com\/index.php\/wp-json\/wp\/v2\/comments?post=384"}],"version-history":[{"count":4,"href":"https:\/\/divorcios48horas.com\/index.php\/wp-json\/wp\/v2\/pages\/384\/revisions"}],"predecessor-version":[{"id":445,"href":"https:\/\/divorcios48horas.com\/index.php\/wp-json\/wp\/v2\/pages\/384\/revisions\/445"}],"up":[{"embeddable":true,"href":"https:\/\/divorcios48horas.com\/index.php\/wp-json\/wp\/v2\/pages\/52"}],"wp:attachment":[{"href":"https:\/\/divorcios48horas.com\/index.php\/wp-json\/wp\/v2\/media?parent=384"}],"curies":[{"name":"wp","href":"https:\/\/api.w.org\/{rel}","templated":true}]}}