{"id":362,"date":"2024-12-12T21:07:10","date_gmt":"2024-12-12T20:07:10","guid":{"rendered":"https:\/\/divorcios48horas.com\/?page_id=362"},"modified":"2025-01-13T09:59:01","modified_gmt":"2025-01-13T08:59:01","slug":"divorcio-de-mutuo-acuerdo-judicial","status":"publish","type":"page","link":"https:\/\/divorcios48horas.com\/index.php\/dudas\/divorcio-de-mutuo-acuerdo-judicial\/","title":{"rendered":"Divorcio de mutuo acuerdo judicial"},"content":{"rendered":"\n<div class=\"wp-block-group alignfull has-base-2-color has-text-color has-background has-link-color wp-elements-b1bc07ae4367429f07cb4e5853a0a0f1 has-global-padding is-layout-constrained wp-block-group-is-layout-constrained\" style=\"background-color:#f74e3e;padding-top:1.2rem;padding-bottom:1.2rem\">\n<div class=\"wp-block-columns is-layout-flex wp-container-core-columns-is-layout-1 wp-block-columns-is-layout-flex\">\n<div class=\"wp-block-column is-layout-flow wp-block-column-is-layout-flow\">\n<p class=\"has-text-align-center\" style=\"font-size:clamp(0.875rem, 0.875rem + ((1vw - 0.2rem) * 0.542), 1.2rem);\"><strong>DIVORCIO DE MUTUO ACUERDO JUDICIAL<\/strong><\/p>\n<\/div>\n<\/div>\n<\/div>\n\n\n\n<div class=\"wp-block-group alignfull has-background has-global-padding is-layout-constrained wp-block-group-is-layout-constrained\" style=\"background-color:#f5f5f5\">\n<div class=\"wp-block-group alignwide has-background is-nowrap is-layout-flex wp-container-core-group-is-layout-3 wp-block-group-is-layout-flex\" style=\"background-color:#f5f5f5;padding-top:0;padding-right:0;padding-bottom:0;padding-left:0\">\n<figure class=\"wp-block-image size-full is-resized\" style=\"margin-right:3rem;margin-left:3rem\"><img loading=\"lazy\" decoding=\"async\" width=\"74\" height=\"101\" src=\"https:\/\/divorcios48horas.com\/wp-content\/uploads\/2024\/12\/question2-1.png\" alt=\"\" class=\"wp-image-334\" style=\"width:37px\"\/><\/figure>\n\n\n\n<div class=\"wp-block-group has-background is-vertical is-layout-flex wp-container-core-group-is-layout-2 wp-block-group-is-layout-flex\" style=\"background-color:#f5f5f5\">\n<p><strong>\u00bfC\u00d3MO TRANSCURRE EL PROCEDIMIENTO DE DIVORCIO DE M\u00daTUO ACUERDO?<\/strong><\/p>\n\n\n\n<p>El procedimiento de divorcio de mutuo acuerdo es un tr\u00e1mite sencillo en el que los c\u00f3nyuges s\u00f3lo tendr\u00e1n que comparecer en el Juzgado para la ratificaci\u00f3n del convenio y la demanda por medio de abogado y procurador que podr\u00e1 ser el mismo para ambos.<\/p>\n<\/div>\n<\/div>\n<\/div>\n","protected":false},"excerpt":{"rendered":"<p>DIVORCIO DE MUTUO ACUERDO JUDICIAL \u00bfC\u00d3MO TRANSCURRE EL PROCEDIMIENTO DE DIVORCIO DE M\u00daTUO ACUERDO? El procedimiento de divorcio de mutuo acuerdo es un tr\u00e1mite sencillo en el que los c\u00f3nyuges s\u00f3lo tendr\u00e1n que comparecer en el Juzgado para la ratificaci\u00f3n del convenio y la demanda por medio de abogado y procurador que podr\u00e1 ser el [&hellip;]<\/p>\n","protected":false},"author":1,"featured_media":0,"parent":52,"menu_order":0,"comment_status":"closed","ping_status":"closed","template":"","meta":{"footnotes":""},"class_list":["post-362","page","type-page","status-publish","hentry"],"_links":{"self":[{"href":"https:\/\/divorcios48horas.com\/index.php\/wp-json\/wp\/v2\/pages\/362","targetHints":{"allow":["GET"]}}],"collection":[{"href":"https:\/\/divorcios48horas.com\/index.php\/wp-json\/wp\/v2\/pages"}],"about":[{"href":"https:\/\/divorcios48horas.com\/index.php\/wp-json\/wp\/v2\/types\/page"}],"author":[{"embeddable":true,"href":"https:\/\/divorcios48horas.com\/index.php\/wp-json\/wp\/v2\/users\/1"}],"replies":[{"embeddable":true,"href":"https:\/\/divorcios48horas.com\/index.php\/wp-json\/wp\/v2\/comments?post=362"}],"version-history":[{"count":12,"href":"https:\/\/divorcios48horas.com\/index.php\/wp-json\/wp\/v2\/pages\/362\/revisions"}],"predecessor-version":[{"id":448,"href":"https:\/\/divorcios48horas.com\/index.php\/wp-json\/wp\/v2\/pages\/362\/revisions\/448"}],"up":[{"embeddable":true,"href":"https:\/\/divorcios48horas.com\/index.php\/wp-json\/wp\/v2\/pages\/52"}],"wp:attachment":[{"href":"https:\/\/divorcios48horas.com\/index.php\/wp-json\/wp\/v2\/media?parent=362"}],"curies":[{"name":"wp","href":"https:\/\/api.w.org\/{rel}","templated":true}]}}